{"id":460,"date":"2021-02-04T07:58:19","date_gmt":"2021-02-04T07:58:19","guid":{"rendered":"https:\/\/giroditalia.bikedivision.it\/?page_id=460"},"modified":"2021-03-02T10:11:37","modified_gmt":"2021-03-02T10:11:37","slug":"termini-e-condizioni","status":"publish","type":"page","link":"https:\/\/giroditalia.bikedivision.it\/en\/termini-e-condizioni\/","title":{"rendered":"Termini e Condizioni"},"content":{"rendered":"<div data-elementor-type=\"wp-page\" data-elementor-id=\"460\" class=\"elementor elementor-460\">\n\t\t\t\t\t\t<div class=\"elementor-inner\">\n\t\t\t\t<div class=\"elementor-section-wrap\">\n\t\t\t\t\t\t\t\t\t<section class=\"elementor-section elementor-top-section elementor-element elementor-element-1e996f48 elementor-section-boxed elementor-section-height-default elementor-section-height-default\" data-id=\"1e996f48\" data-element_type=\"section\">\n\t\t\t\t\t\t<div class=\"elementor-container elementor-column-gap-default\">\n\t\t\t\t\t\t\t<div class=\"elementor-row\">\n\t\t\t\t\t<div class=\"elementor-column elementor-col-100 elementor-top-column elementor-element elementor-element-252007a0\" data-id=\"252007a0\" data-element_type=\"column\">\n\t\t\t<div class=\"elementor-column-wrap elementor-element-populated\">\n\t\t\t\t\t\t\t<div class=\"elementor-widget-wrap\">\n\t\t\t\t\t\t<div class=\"elementor-element elementor-element-1829772 elementor-widget elementor-widget-heading\" data-id=\"1829772\" data-element_type=\"widget\" data-widget_type=\"heading.default\">\n\t\t\t\t<div class=\"elementor-widget-container\">\n\t\t\t<h2 class=\"elementor-heading-title elementor-size-default\">Terms and Conditions <\/h2>\t\t<\/div>\n\t\t\t\t<\/div>\n\t\t\t\t\t\t<\/div>\n\t\t\t\t\t<\/div>\n\t\t<\/div>\n\t\t\t\t\t\t\t\t<\/div>\n\t\t\t\t\t<\/div>\n\t\t<\/section>\n\t\t\t\t<section class=\"elementor-section elementor-top-section elementor-element elementor-element-b0c12ce elementor-section-boxed elementor-section-height-default elementor-section-height-default\" data-id=\"b0c12ce\" data-element_type=\"section\">\n\t\t\t\t\t\t<div class=\"elementor-container elementor-column-gap-default\">\n\t\t\t\t\t\t\t<div class=\"elementor-row\">\n\t\t\t\t\t<div class=\"elementor-column elementor-col-100 elementor-top-column elementor-element elementor-element-33f2e00\" data-id=\"33f2e00\" data-element_type=\"column\">\n\t\t\t<div class=\"elementor-column-wrap elementor-element-populated\">\n\t\t\t\t\t\t\t<div class=\"elementor-widget-wrap\">\n\t\t\t\t\t\t<div class=\"elementor-element elementor-element-5020240 elementor-widget elementor-widget-text-editor\" data-id=\"5020240\" data-element_type=\"widget\" data-widget_type=\"text-editor.default\">\n\t\t\t\t<div class=\"elementor-widget-container\">\n\t\t\t\t\t\t\t\t<div class=\"elementor-text-editor elementor-clearfix\">\n\t\t\t\t<p><strong style=\"color: var( --e-global-color-text ); font-family: var( --e-global-typography-text-font-family ), Sans-serif; font-size: 1rem;\">1.Condizioni Generali di Vendita Online<\/strong><\/p><p>Le presenti condizioni generali di contratto regolano la vendita dei Pacchetti Hospitality &amp; Race Experiences Giro d\u2019Italia 2021 (di seguito pacchetti) agli utenti del servizio\/clienti (di seguito cliente), effettuata attraverso il sito web giroditalia.bikedivision.it per conto di vari Organizzatori (di seguito definiti). Portale gestito da Bike Division T.O., con sede legale in via I\u00b0 Maggio 20, 60131 Ancona<\/p><p><strong>2.Organizzatori<\/strong><\/p><p>Gli organizzatori sono i soggetti responsabili della organizzazione degli eventi. Bike Division T.O. \u00a0accorda con l\u2019organizzatore le modalit\u00e0 di gestione delle prevendite e gestisce gli incassi relativi per conto dell\u2019organizzatore stesso.<\/p><p><strong>3.Ambito di applicazione<\/strong><\/p><p><strong>3.1<\/strong>\u00a0L\u2019offerta e la vendita dei Pacchetti\u00a0Hospitality &amp; Race Experiences Giro d\u2019Italia 2021\u00a0\u00a0e dei Servizi Bike Division costituiscono un contratto a distanza disciplinato dal Capo I, Titolo III (artt. 45 e ss.) del Codice del Consumo e dal Decreto Legislativo 9 aprile 2003, n. 70, contenente la disciplina del commercio elettronico.<\/p><p>3.<strong>2<\/strong>\u00a0Le presenti condizioni possono essere modificate in ogni momento. Eventuali modifiche saranno in vigore dal momento della loro pubblicazione sul Sito nella sezione \u201c<em>Termini e condizioni d\u2019acquisto<\/em>\u201d sul sito web. Gli utenti sono pertanto invitati ad accedere regolarmente al Sito e a consultare, prima di effettuare qualsiasi acquisto, la versione pi\u00f9 aggiornata delle condizioni.<\/p><p><strong>3.3<\/strong>\u00a0Le condizioni applicabili sono quelle in vigore alla data di trasmissione dell\u2019ordine di acquisto di un Pacchetto. \u00a0Prima di procedere alla conclusione del Contratto l\u2019utente \u00e8 tenuto a leggere attentamente tutte le informazioni che Bike Division gli fornisce sul Sito,\u00a0sia prima che durante la procedura di acquisto, e ad esaminare ed approvare le presenti condizioni, mediante selezione dell\u2019apposita casella messa a disposizione dell\u2019utente durante la procedura di acquisto e prima della conclusione del Contratto.<\/p><p><strong>4.Informazioni dirette alla conclusione del contratto<\/strong><\/p><p>\u00a0In conformit\u00e0 al Decreto Legislativo 9 aprile 2003, n. 70 recante disposizioni in materia di commercio elettronico, Bike Division informa l\u2019utente che:<\/p><p><strong>4.2<\/strong>\u00a0per concludere il contratto di acquisto di un pacchetto sul Sito, l\u2019utente dovr\u00e0 compilare un modulo d\u2019ordine in formato elettronico e trasmetterlo a Bike Division in via telematica, seguendo le istruzioni che compariranno di volta in volta sul Sito;<\/p><p><strong>4.3<\/strong>\u00a0se previsto, l\u2019invio del modulo d\u2019ordine dovr\u00e0 avvenire entro il tempo massimo indicato sul Sito;<\/p><p><strong>4.4<\/strong>\u00a0il contratto \u00e8 concluso quando il modulo d\u2019ordine perviene al server di Bike Division<\/p><p><strong>4.5<\/strong>\u00a0prima di procedere alla trasmissione del modulo d\u2019ordine, l\u2019utente potr\u00e0 individuare e correggere eventuali errori di inserimento dei dati seguendo le istruzioni presenti sul Sito nelle diverse fasi dell\u2019acquisto;<\/p><p><strong>4.6<\/strong>\u00a0una volta registrato il modulo d\u2019ordine, Bike Division \u00a0invier\u00e0 al Cliente, all\u2019indirizzo di posta elettronica indicato, la conferma dell\u2019ordine contenente: un riepilogo delle condizioni generali e particolari applicabili al contratto, le informazioni essenziali relative al Pacchetto acquistato, l\u2019indicazione dettagliata del prezzo, del mezzo di pagamento utilizzato, degli eventuali costi aggiuntivi, nonch\u00e9 le informazioni relative ai contatti cui l\u2019utente pu\u00f2 rivolgersi per richiedere assistenza e\/o presentare reclami. L\u2019e-mail di conferma d\u2019ordine, che include termini e condizioni di acquisto, costituisce la conferma del contratto concluso su un mezzo durevole ai sensi dell\u2019art. 51, comma 7, Codice del Consumo; il Cliente prende atto e riconosce che, inviata tale e-mail, Bike Division T.O. \u00a0ha assolto agli obblighi di documentazione sulla stessa incombenti e che, pertanto, il Cliente \u00e8 vincolato dal Contratto ed \u00e8, in particolare, tenuto al pagamento dell\u2019Importo Totale, a prescindere dalla ricezione della e-mail di conferma d\u2019ordine, che dipende da soggetti terzi e\/o fattori che sono al di fuori della sfera di controllo di Bike Division. \u00a0(es. provider di posta elettronica di cui si serve l\u2019utente);<\/p><p><strong>4.7<\/strong>\u00a0il modulo d\u2019ordine sar\u00e0 archiviato nella banca dati di Bike Division \u00a0per il tempo necessario alla esecuzione dello stesso e, comunque, nei termini di legge.\u00a0<\/p><p><strong>4.8\u00a0<\/strong>Il Prezzo, le Commissioni di Servizio e gli Oneri Aggiuntivi sono espressi in Euro e devono considerarsi comprensivi di IVA.<\/p><p><strong>4.9<\/strong>\u00a0Bike Division \u00a0informa il Cliente che, avendo il Contratto ad oggetto la fornitura di servizi relativi al tempo libero che l\u2019Organizzatore si impegna a prestare in una data specifica, al Contratto, ai sensi dell\u2019art. 59, I comma, lett. n) del Codice del Consumo, non si applica il diritto di recesso previsto dall\u2019art. 52 del Codice del Consumo. Il Cliente non potr\u00e0 quindi esercitare tale diritto in relazione l\u2019acquisto dei Titoli di Ingresso.<\/p><p><strong>5.Strumenti di pagamento<\/strong><\/p><p style=\"font-weight: 400;\">Gli strumenti di pagamento utilizzabili dal Cliente sono decisi da Bike Division T.O. , i quali possono applicare limitazioni ed esclusioni agli strumenti di pagamento utilizzati dal Cliente, per motivi di sicurezza o altro.<\/p><p style=\"font-weight: 400;\">Il pagamento tramite carta di credito \u00e8 gestito attraverso Stripe. Le transazioni sono assolutamente sicure ed utilizzano protocolli ad elevata sicurezza. Le carte di credito supportate per i pagamenti sono: VISA, MASTERCARD, VISA ELECTRON.\u00a0L\u2019autorizzazione alla transazione tramite carta di credito \u00e8 immediato, l\u2019effettiva transazione pu\u00f2 per\u00f2 avvenire con qualche giorno di ritardo, I dati delle carte di credito dei clienti non saranno in alcun modo gestiti n\u00e8 memorizzati dai server Bike Division T.O. \u00a0n\u00e8 da altri al di fuori dei servizi bancari indicati.<\/p><p style=\"font-weight: 400;\">Nei casi sia indicata la possibilit\u00e0 di pagamento tramite bonifico bancario sar\u00e0 compito di Bike Division T.O. \u00a0comunicare al Cliente, una volta ricevuta la richiesta di transazione, l\u2019IBAN o il numero della carta sulla quale effettuare il pagamento. Tale versamento dovr\u00e0 essere necessariamente effettuato entro il tempo indicato.<\/p><p style=\"font-weight: 400;\"><strong>6.1<\/strong>\u00a0Bike Division , quale mera fornitrice dei Servizi, nonch\u00e9 soggetto che agisce in nome e per conto dell\u2019Organizzatore in relazione alla vendita dei pacchetti Hospitality &amp; Race Experiences Giro D\u2019Italia 2021, non \u00e8, in alcun caso, responsabile dell\u2019eventuale rinvio o annullamento dell\u2019Evento da parte dell\u2019Organizzatore. Nel caso di rinvio o annullamento dell\u2019Evento da parte dell\u2019Organizzatore, Bike Division comunicher\u00e0 al Cliente, in nome e per conto dell\u2019Organizzatore, le iniziative adottate dall\u2019Organizzatore in relazione al rimborso o alla sostituzione dei pacchetti Hospitality &amp; Race Experiences Giro D\u2019Italia 2021.<\/p><p style=\"font-weight: 400;\"><strong>6.2<\/strong> Fermo quanto previsto al precedente punto 3.1, in caso di annullamento o di rinvio dell\u2019Evento da parte dell\u2019Organizzatore, in nessun caso, il Cliente potr\u00e0 chiedere a Bike Division il rimborso delle Commissioni di Servizio essendo tali importi remunerativi della gi\u00e0 avvenuta transazione da parte di Bike Division tramite Stripe e indipendenti dalla successiva fornitura da parte dell\u2019Organizzatore della prestazione relativa all\u2019Evento.<\/p><p><strong>6.3<\/strong>\u00a0Nel caso di annullamento dell\u2019Evento, Bike Division \u00a0provveder\u00e0 alla effettuazione del rimborso al Cliente, secondo le modalit\u00e0 e con la tempistica decise dell\u2019Organizzatore, solo nel caso in cui Bike Division sia stata appositamente delegata a tale rimborso e nella misura in cui abbia ricevuto da quest\u2019ultimo la necessaria provvista. In ogni caso di annullamento e\/o rinvio dell\u2019Evento, il Cliente potr\u00e0 comunque rivolgersi all\u2019Organizzatore, per far valere nei confronti dello stesso tutti i suoi diritti.<\/p><p><strong>6.4\u00a0<\/strong>I Titoli di Ingresso relativi agli Eventi annullati non potranno essere permutati con titoli di ingresso relativi ad altri Eventi.<\/p><p><strong>7.EVENTO ANNULLATO CAUSA EMERGENZA COVID-19<\/strong><\/p><p><strong>7.1<\/strong>\u00a0Qualora l\u2019Esperienza a cui fa riferimento l\u2019acquisto effettuato venisse annullata, rinviata o modificata per ragioni connesse o collegate all\u2019emergenza Covid-19, l\u2019intero importo versato verr\u00e0 restituito entro il 31\/12\/2021\u00a0fatta eccezione del 3% relativo alla commissione di Servizio (commissioni bancomat, carte di credito e simili, bonifici, etc.)<\/p><p><strong>7.2<\/strong>\u00a0Si specifica che gli annullamenti con rimborso al 100% in relazione all\u2019emergenza Covid-19 non sono previsti nel caso in cui sia il partecipante a risultare positivo al Covid-19 e quindi impossibilitato a spostarsi dalla propria residenza. In questo caso non \u00e8 previsto il rimborso del titolo acquistato.<\/p><p><strong>8.ANNULLAMENTO\/ CANCELLAZIONE\u00a0 ESPERIENZA ACQUISTATA DA PARTE DEL CLIENTE<\/strong><\/p><p>Qualora il Cliente decidesse di volere rinunciare al\/i Titolo\/i di Accesso\/i precedentemente acquistato\/i, non \u00e8 previsto il rimborso, n\u00e9 del prezzo dei Titoli di Accesso n\u00e9 delle eventuali commissioni aggiuntive. Non \u00e8 possibile, infatti, esercitare il diritto di recesso ai sensi dell\u2019articolo 55 del Codice del Consumo ed ai sensi del Decreto Legislativo 22 maggio 1999, n. 185, secondo quanto riportato nell\u2019art. 7 comma B.<\/p><p>In alcuni casi comunque l\u2019organizzatore e\/o Bike Division \u00a0potrebbe comunque decidere di rimborsare comunque i titoli su richiesta per valido motivo<\/p><p><strong>8.1<\/strong>\u00a0Tutte le richieste di annullamento \/ cancellazione dell\u2019Evento e \/o Viaggio e\/o Attivit\u00e0 devono essere comunicate a Bike Division \u00a0dal Cliente in forma scritta e dettagliata.<\/p><p><strong>8.2<\/strong>\u00a0Bike Division comunicher\u00e0 per iscritto al Cliente l\u2019accettazione della richiesta di annullamento \/ cancellazione.<\/p><p><strong>8.3<\/strong>\u00a0Anche la Policy relativa al pagamento delle penali di\u00a0ANNULLAMENTO \/ CANCELLAZIONE\u00a0di Bike Division \u00a0\u00e8 stabilita e concordata in ragione dei rapporti professionali e di Partnership che Bike Division \u00a0intrattiene con i propri i Partner Fornitori Ufficiali e delle policies relative alle penali da questi applicate a loro volta a Bike Division.<\/p><p><strong>9.Assistenza e Reclami<\/strong><\/p><p>9.1 E\u2019 possibile chiedere informazioni, inviare comunicazioni o inoltrare reclami contattando il nostro staff: info@bikedivision.it<\/p><p><strong>10.Divieti<\/strong><\/p><p>Gli accessi ai Pacchetti Hospitality &amp; Race Experiences Giro d\u2019Italia 2021\u00a0 non possono essere utilizzati per ragioni politiche, commerciali, pubblicitarie o altre ragioni promozionali (come, per esempio, premi in competizioni) salvo il caso di preventiva autorizzazione scritta da parte dell\u2019Organizzatore e\/o di Bike Division<\/p>\t\t\t\t\t<\/div>\n\t\t\t\t\t\t<\/div>\n\t\t\t\t<\/div>\n\t\t\t\t\t\t<\/div>\n\t\t\t\t\t<\/div>\n\t\t<\/div>\n\t\t\t\t\t\t\t\t<\/div>\n\t\t\t\t\t<\/div>\n\t\t<\/section>\n\t\t\t\t\t\t\t\t\t<\/div>\n\t\t\t<\/div>\n\t\t\t\t\t<\/div>","protected":false},"excerpt":{"rendered":"<p>Termini e Condizioni di Vendita 1.Condizioni Generali di Vendita Online Le presenti condizioni generali di contratto regolano la vendita dei Pacchetti Hospitality &amp; Race Experiences Giro d\u2019Italia 2021 (di seguito pacchetti) agli utenti del servizio\/clienti (di seguito cliente), effettuata attraverso il sito web giroditalia.bikedivision.it per conto di vari Organizzatori (di seguito definiti). Portale gestito da [&hellip;]<\/p>","protected":false},"author":1,"featured_media":0,"parent":0,"menu_order":0,"comment_status":"closed","ping_status":"closed","template":"","meta":{"inline_featured_image":false,"footnotes":""},"_links":{"self":[{"href":"https:\/\/giroditalia.bikedivision.it\/en\/wp-json\/wp\/v2\/pages\/460"}],"collection":[{"href":"https:\/\/giroditalia.bikedivision.it\/en\/wp-json\/wp\/v2\/pages"}],"about":[{"href":"https:\/\/giroditalia.bikedivision.it\/en\/wp-json\/wp\/v2\/types\/page"}],"author":[{"embeddable":true,"href":"https:\/\/giroditalia.bikedivision.it\/en\/wp-json\/wp\/v2\/users\/1"}],"replies":[{"embeddable":true,"href":"https:\/\/giroditalia.bikedivision.it\/en\/wp-json\/wp\/v2\/comments?post=460"}],"version-history":[{"count":30,"href":"https:\/\/giroditalia.bikedivision.it\/en\/wp-json\/wp\/v2\/pages\/460\/revisions"}],"predecessor-version":[{"id":1357,"href":"https:\/\/giroditalia.bikedivision.it\/en\/wp-json\/wp\/v2\/pages\/460\/revisions\/1357"}],"wp:attachment":[{"href":"https:\/\/giroditalia.bikedivision.it\/en\/wp-json\/wp\/v2\/media?parent=460"}],"curies":[{"name":"wp","href":"https:\/\/api.w.org\/{rel}","templated":true}]}}