{"id":636,"date":"2021-02-05T11:12:55","date_gmt":"2021-02-05T11:12:55","guid":{"rendered":"https:\/\/giroditalia.bikedivision.it\/?post_type=product&#038;p=636"},"modified":"2024-06-11T14:38:40","modified_gmt":"2024-06-11T14:38:40","slug":"pas-presentazione-squadre","status":"publish","type":"product","link":"https:\/\/giroditalia.bikedivision.it\/en\/pacchetto\/pas-presentazione-squadre\/","title":{"rendered":"Pass Presentazione Squadre"},"content":{"rendered":"<ul class=\"inclusions\">\n<li class=\" translation-block\">Access Pass to the \"Team Presentation\": The teams participating to Giro d\u2019Italia march in front of the crowds in a spectacular showevent that fills the city hosting the Big Start with passion. Champions from all the countries are introduced before fighting on the road.<\/li>\n<\/ul>","protected":false},"excerpt":{"rendered":"<p><!-- La 105a edizione del Giro d'Italia accoglier\u00e0 l'Ungheria come nazione ospitante per la sua Grande Partenza. La Grande Partenza 2022 prevede tre tappe, inclusa una cronometro individuale. Si comincia venerd\u00ec 6 maggio con la tappa Budapest-Visegr\u00e1d, adatta ai velocisti. Poi, sabato 7 maggio, segue una cronometro individuale di 9,2 km nel cuore di Budapest. L'ultima tappa in Ungheria si svolger\u00e0 domenica 8 maggio da Kaponsv\u00e1r a Balatonf\u00fcred, sulle rive del lago Balaton ed \u00e8 una tappa riservata ai velocisti. --><\/p>\n<p>Partecipa alla Grande Partenza 2023 da protagonista:<br \/>\n<i class=\"fa fa-check\" style=\"color: #ff286e;\"><\/i> accesso esclusivo alla <strong>Presentazione ufficiale dei Team<\/strong>, un evento show imperdibile<\/p>\n<p><!-- <i class=\"fa fa-check\" style=\"color: #ff286e;\"><\/i> per i ciclisti, disponibile su richiesta anche la <strong> pedalata sulla finish line con foto sul podio <\/strong>premiazioni --><\/p>\n<p><b>I bambini sotto i 14 anni hanno il pass gratuito nominativo, purch\u00e8 accompagnati da un adulto.\u00a0<\/b><\/p>","protected":false},"featured_media":2046,"template":"","meta":{"inline_featured_image":false},"product_cat":[16],"product_tag":[60],"_links":{"self":[{"href":"https:\/\/giroditalia.bikedivision.it\/en\/wp-json\/wp\/v3\/product\/636"}],"collection":[{"href":"https:\/\/giroditalia.bikedivision.it\/en\/wp-json\/wp\/v3\/product"}],"about":[{"href":"https:\/\/giroditalia.bikedivision.it\/en\/wp-json\/wp\/v2\/types\/product"}],"wp:featuredmedia":[{"embeddable":true,"href":"https:\/\/giroditalia.bikedivision.it\/en\/wp-json\/wp\/v2\/media\/2046"}],"wp:attachment":[{"href":"https:\/\/giroditalia.bikedivision.it\/en\/wp-json\/wp\/v2\/media?parent=636"}],"wp:term":[{"taxonomy":"product_cat","embeddable":true,"href":"https:\/\/giroditalia.bikedivision.it\/en\/wp-json\/wp\/v2\/product_cat?post=636"},{"taxonomy":"product_tag","embeddable":true,"href":"https:\/\/giroditalia.bikedivision.it\/en\/wp-json\/wp\/v2\/product_tag?post=636"}],"curies":[{"name":"wp","href":"https:\/\/api.w.org\/{rel}","templated":true}]}}